{"id":5,"date":"2023-01-20T15:33:45","date_gmt":"2023-01-20T15:33:45","guid":{"rendered":"https:\/\/regine.parisnanterre.fr\/?page_id=5"},"modified":"2023-04-20T07:41:23","modified_gmt":"2023-04-20T07:41:23","slug":"appel-a-communications","status":"publish","type":"page","link":"https:\/\/regine.parisnanterre.fr\/index.php\/appel-a-communications\/","title":{"rendered":"Appel \u00e0 communications"},"content":{"rendered":"\n<h2 class=\"wp-block-heading\">\u00ab\u00a0Droit et genre en France : un premier bilan ?\u00a0\u00bb<\/h2>\n\n\n\n<p class=\"has-drop-cap\">Le pr\u00e9sent appel \u00e0 communications s\u2019adresse \u00e0 toutes celles et ceux qui consacrent leur activit\u00e9 de recherche \u00e0 la question, <em>lato sensu<\/em>, des rapports entre genre et droit. Il s\u2019adresse aux chercheurs et chercheuses de <em>toutes les disciplines<\/em>. Certain\u00b7es prendront le droit pour objet et mobiliseront le concept de genre comme clef d\u2019analyse. D\u2019autres \u00e9rigeront en objet d\u2019\u00e9tude et d\u2019analyse les rapports entre droit et genre. D\u2019autres encore s\u2019int\u00e9resseront aux savoirs, et aux modalit\u00e9s et chronologies de l\u2019acculturation du champ juridique au concept de genre. En toute hypoth\u00e8se, le pr\u00e9sent appel est ouvert \u00e0 toute proposition qu\u2019elle s\u2019inscrive dans le champ du droit public ou du droit priv\u00e9, du droit interne ou du droit europ\u00e9en ou international, qu\u2019elle porte sur des concepts ou des proc\u00e9dures juridiques, qu\u2019elle prenne la forme d\u2019une analyse empirique, historique, th\u00e9orique\u2026.<\/p>\n\n\n<style>#kt-layout-id_2ae376-c2 > .kt-row-column-wrap{align-content:start;}:where(#kt-layout-id_2ae376-c2 > .kt-row-column-wrap) > .wp-block-kadence-column{justify-content:start;}#kt-layout-id_2ae376-c2 > .kt-row-column-wrap{column-gap:var(--global-kb-gap-md, 2rem);row-gap:var(--global-kb-gap-md, 2rem);max-width:var( --global-content-width, 1290px );padding-left:var(--global-content-edge-padding);padding-right:var(--global-content-edge-padding);padding-top:var( --global-kb-row-default-top, 25px );padding-bottom:var( --global-kb-row-default-bottom, 25px );padding-top:22px;padding-bottom:75px;grid-template-columns:minmax(0, 1fr);}#kt-layout-id_2ae376-c2 > .kt-row-layout-overlay{opacity:0.30;}@media all and (max-width: 1024px){#kt-layout-id_2ae376-c2 > .kt-row-column-wrap{grid-template-columns:minmax(0, 1fr);}}@media all and (max-width: 767px){#kt-layout-id_2ae376-c2 > .kt-row-column-wrap{grid-template-columns:minmax(0, 1fr);}}<\/style>\n<div class=\"wp-block-kadence-rowlayout alignfull\"><div id=\"kt-layout-id_2ae376-c2\" class=\"kt-row-layout-inner kt-layout-id_2ae376-c2\"><div class=\"kt-row-column-wrap kt-has-1-columns kt-gutter-default kt-v-gutter-default kt-row-valign-top kt-row-layout-equal kt-tab-layout-inherit kt-m-colapse-left-to-right kt-mobile-layout-row kb-theme-content-width\"><style>.kadence-column_604737-64 > .kt-inside-inner-col{border-top-width:0px;border-right-width:0px;border-bottom-width:0px;border-left-width:0px;}.kadence-column_604737-64 > .kt-inside-inner-col,.kadence-column_604737-64 > .kt-inside-inner-col:before{border-top-left-radius:0px;border-top-right-radius:0px;border-bottom-right-radius:0px;border-bottom-left-radius:0px;}.kadence-column_604737-64 > .kt-inside-inner-col{column-gap:var(--global-kb-gap-sm, 1rem);}.kadence-column_604737-64 > .kt-inside-inner-col{flex-direction:column;}.kadence-column_604737-64 > .kt-inside-inner-col > .aligncenter{width:100%;}.kadence-column_604737-64 > .kt-inside-inner-col:before{opacity:0.3;}.kadence-column_604737-64{position:relative;}@media all and (max-width: 1024px){.kadence-column_604737-64 > .kt-inside-inner-col{flex-direction:column;justify-content:center;}}@media all and (max-width: 767px){.kadence-column_604737-64 > .kt-inside-inner-col{flex-direction:column;justify-content:center;}}<\/style>\n<div class=\"wp-block-kadence-column inner-column-1 kadence-column_604737-64\"><div class=\"kt-inside-inner-col\"><style>.kt-sc_dd3276-db .kt-sc-imgcol, .kt-sc_dd3276-db .kt-sc-textcol{min-height:155px;}.kt-sc_dd3276-db .kt-sc-textcol{padding-top:0px;padding-right:39px;padding-bottom:30px;padding-left:34px;margin-top:0px;margin-right:0px;margin-bottom:0px;margin-left:-75px;}@media all and (max-width: 1024px){.kt-sc_dd3276-db .kt-sc-textcol{margin-left:-120px;}}@media all and (max-width: 767px){.kt-sc_dd3276-db .kt-sc-imgcol, .kt-sc_dd3276-db .kt-sc-textcol{min-height:450px;}.kt-sc_dd3276-db .kt-sc-textcol{margin-top:-40px;margin-right:20px;margin-left:20px;}}<\/style>\n<div class=\"wp-block-kadence-splitcontent aligncenter kt-sc_dd3276-db\"><div class=\"kt-split-content-wrap kt-sc-media-side-right\" style=\"grid-template-columns:auto 37%\"><div class=\"kt-sc-imgcol kt-sc-imgcol-bg-auto kt-sc-img-side-right\" data-aos=\"fade-left\" data-aos-duration=\"1000\" data-aos-easing=\"ease\"><figure class=\"kt-split-content-media-image wp-image-container-177\"><img loading=\"lazy\" decoding=\"async\" src=\"https:\/\/regine.parisnanterre.fr\/wp-content\/uploads\/2023\/02\/balance-2101932_1280-red.png\" alt=\"\" width=\"1218\" height=\"1280\" class=\"kt-split-content-img wp-image-177\" srcset=\"https:\/\/regine.parisnanterre.fr\/wp-content\/uploads\/2023\/02\/balance-2101932_1280-red.png 1218w, https:\/\/regine.parisnanterre.fr\/wp-content\/uploads\/2023\/02\/balance-2101932_1280-red-285x300.png 285w, https:\/\/regine.parisnanterre.fr\/wp-content\/uploads\/2023\/02\/balance-2101932_1280-red-974x1024.png 974w, https:\/\/regine.parisnanterre.fr\/wp-content\/uploads\/2023\/02\/balance-2101932_1280-red-768x807.png 768w\" sizes=\"auto, (max-width: 1218px) 100vw, 1218px\" \/><\/figure><\/div><div class=\"kt-sc-textcol kt-sc-text-valign-center kt-sc-text-halign-center\" data-aos=\"fade-right\" data-aos-duration=\"1000\" data-aos-easing=\"ease\" style=\"background-color:#fff;min-height:155px;box-shadow:5px 20px 25px -8px rgba(0, 0, 0, 0.2)\"><div class=\"kt-sc-innter-col\"><style>.wp-block-kadence-advancedheading.kt-adv-heading_59df88-98, .wp-block-kadence-advancedheading.kt-adv-heading_59df88-98[data-kb-block=\"kb-adv-heading_59df88-98\"]{font-size:15px;font-style:normal;}.wp-block-kadence-advancedheading.kt-adv-heading_59df88-98 mark.kt-highlight, .wp-block-kadence-advancedheading.kt-adv-heading_59df88-98[data-kb-block=\"kb-adv-heading_59df88-98\"] mark.kt-highlight{font-style:normal;color:#f76a0c;-webkit-box-decoration-break:clone;box-decoration-break:clone;padding-top:0px;padding-right:0px;padding-bottom:0px;padding-left:0px;}.wp-block-kadence-advancedheading.kt-adv-heading_59df88-98 img.kb-inline-image, .wp-block-kadence-advancedheading.kt-adv-heading_59df88-98[data-kb-block=\"kb-adv-heading_59df88-98\"] img.kb-inline-image{width:150px;vertical-align:baseline;}<\/style>\n<h5 class=\"kt-adv-heading_59df88-98 wp-block-kadence-advancedheading\" data-kb-block=\"kb-adv-heading_59df88-98\">PROPOSEZ VOTRE CONTRIBUTION<\/h5>\n\n\n<style>.wp-block-kadence-advancedheading.kt-adv-heading_1cf0ff-02, .wp-block-kadence-advancedheading.kt-adv-heading_1cf0ff-02[data-kb-block=\"kb-adv-heading_1cf0ff-02\"]{font-style:normal;}.wp-block-kadence-advancedheading.kt-adv-heading_1cf0ff-02 mark.kt-highlight, .wp-block-kadence-advancedheading.kt-adv-heading_1cf0ff-02[data-kb-block=\"kb-adv-heading_1cf0ff-02\"] mark.kt-highlight{font-style:normal;color:#f76a0c;-webkit-box-decoration-break:clone;box-decoration-break:clone;padding-top:0px;padding-right:0px;padding-bottom:0px;padding-left:0px;}.wp-block-kadence-advancedheading.kt-adv-heading_1cf0ff-02 img.kb-inline-image, .wp-block-kadence-advancedheading.kt-adv-heading_1cf0ff-02[data-kb-block=\"kb-adv-heading_1cf0ff-02\"] img.kb-inline-image{width:150px;vertical-align:baseline;}<\/style>\n<h2 class=\"kt-adv-heading_1cf0ff-02 wp-block-kadence-advancedheading\" data-kb-block=\"kb-adv-heading_1cf0ff-02\">Aucune communication ne durera plus de vingt-cinq minutes<\/h2>\n\n\n\n<p>Chaque proposition de communication doit pr\u00e9senter pr\u00e9cis\u00e9ment son objet, ses hypoth\u00e8ses et conclusions, et faire appara\u00eetre ce que permet (ou non) la mobilisation du concept de genre ou d\u2019une posture f\u00e9ministe. Les communications peuvent porter sur des travaux r\u00e9cemment publi\u00e9s ou encore en cours &#8211; voire sur des projets de recherche. Une attention particuli\u00e8re sera port\u00e9e aux propositions \u00e9manant des plus jeunes chercheurs ou chercheuses, qui sont bienvenu.es.<\/p>\n\n\n<style>.wp-block-kadence-iconlist.kt-svg-icon-list-items_db9172-b5:not(.this-stops-third-party-issues){margin-top:0px;margin-bottom:0px;}.wp-block-kadence-iconlist.kt-svg-icon-list-items_db9172-b5 ul.kt-svg-icon-list:not(.this-prevents-issues):not(.this-stops-third-party-issues):not(.tijsloc){margin-top:0px;margin-right:0px;margin-bottom:var(--global-kb-spacing-sm, 1.5rem);margin-left:0px;}.wp-block-kadence-iconlist.kt-svg-icon-list-items_db9172-b5 ul.kt-svg-icon-list{grid-row-gap:5px;}.wp-block-kadence-iconlist.kt-svg-icon-list-items_db9172-b5 ul.kt-svg-icon-list .kt-svg-icon-list-item-wrap .kt-svg-icon-list-single{margin-right:10px;}.kt-svg-icon-list-items_db9172-b5 ul.kt-svg-icon-list .kt-svg-icon-list-level-0 .kt-svg-icon-list-single svg{font-size:20px;}.kt-svg-icon-list-items_db9172-b5 ul.kt-svg-icon-list .kt-svg-icon-list-level-1 .kt-svg-icon-list-single svg{font-size:20px;}.kt-svg-icon-list-items_db9172-b5 ul.kt-svg-icon-list .kt-svg-icon-list-level-2 .kt-svg-icon-list-single svg{font-size:20px;}.kt-svg-icon-list-items_db9172-b5 ul.kt-svg-icon-list .kt-svg-icon-list-level-3 .kt-svg-icon-list-single svg{font-size:20px;}<\/style>\n<div class=\"wp-block-kadence-iconlist kt-svg-icon-list-items kt-svg-icon-list-items_db9172-b5 kt-svg-icon-list-columns-1 alignnone\"><ul class=\"kt-svg-icon-list\"><li class=\"kt-svg-icon-list-style-default kt-svg-icon-list-item-wrap kt-svg-icon-list-item-0 kt-svg-icon-list-level-0\"><div style=\"display:inline-flex;justify-content:center;align-items:center;color:var(--global-palette2)\" class=\"kt-svg-icon-list-single kt-svg-icon-list-single-fe_checkCircle\"><svg style=\"display:inline-block;vertical-align:middle\" viewBox=\"0 0 24 24\" height=\"20\" width=\"20\" fill=\"none\" stroke=\"currentColor\" xmlns=\"http:\/\/www.w3.org\/2000\/svg\" stroke-width=\"2\" stroke-linecap=\"round\" stroke-linejoin=\"round\" aria-hidden=\"true\"><path d=\"M22 11.08V12a10 10 0 1 1-5.93-9.14\"><\/path><polyline points=\"22 4 12 14.01 9 11.01\"><\/polyline><\/svg><\/div><span class=\"kt-svg-icon-list-text\">Les propositions de communications, ne doivent pas exc\u00e9der 3500 caract\u00e8res (une page), elles doivent \u00eatre soumises, par ce formulaire <strong>avant le 7 avril 2023<\/strong>.<\/span><\/li><li class=\"kt-svg-icon-list-style-default kt-svg-icon-list-item-wrap kt-svg-icon-list-item-1 kt-svg-icon-list-level-0\"><div style=\"display:inline-flex;justify-content:center;align-items:center;color:var(--global-palette2)\" class=\"kt-svg-icon-list-single kt-svg-icon-list-single-fe_checkCircle\"><svg style=\"display:inline-block;vertical-align:middle\" viewBox=\"0 0 24 24\" height=\"20\" width=\"20\" fill=\"none\" stroke=\"currentColor\" xmlns=\"http:\/\/www.w3.org\/2000\/svg\" stroke-width=\"2\" stroke-linecap=\"round\" stroke-linejoin=\"round\" aria-hidden=\"true\"><path d=\"M22 11.08V12a10 10 0 1 1-5.93-9.14\"><\/path><polyline points=\"22 4 12 14.01 9 11.01\"><\/polyline><\/svg><\/div><span class=\"kt-svg-icon-list-text\">Indiquez clairement le titre de la communication propos\u00e9e, les noms et coordonn\u00e9es de la personne proposante.<\/span><\/li><li class=\"kt-svg-icon-list-style-default kt-svg-icon-list-item-wrap kt-svg-icon-list-item-2 kt-svg-icon-list-level-0\"><div style=\"display:inline-flex;justify-content:center;align-items:center;color:var(--global-palette2)\" class=\"kt-svg-icon-list-single kt-svg-icon-list-single-fe_checkCircle\"><svg style=\"display:inline-block;vertical-align:middle\" viewBox=\"0 0 24 24\" height=\"20\" width=\"20\" fill=\"none\" stroke=\"currentColor\" xmlns=\"http:\/\/www.w3.org\/2000\/svg\" stroke-width=\"2\" stroke-linecap=\"round\" stroke-linejoin=\"round\" aria-hidden=\"true\"><path d=\"M22 11.08V12a10 10 0 1 1-5.93-9.14\"><\/path><polyline points=\"22 4 12 14.01 9 11.01\"><\/polyline><\/svg><\/div><span class=\"kt-svg-icon-list-text\">Une br\u00e8ve bibliographie peut \u00eatre jointe.<\/span><\/li><li class=\"kt-svg-icon-list-style-default kt-svg-icon-list-item-wrap kt-svg-icon-list-item-3 kt-svg-icon-list-level-0\"><div style=\"display:inline-flex;justify-content:center;align-items:center;color:var(--global-palette2)\" class=\"kt-svg-icon-list-single kt-svg-icon-list-single-fe_checkCircle\"><svg style=\"display:inline-block;vertical-align:middle\" viewBox=\"0 0 24 24\" height=\"20\" width=\"20\" fill=\"none\" stroke=\"currentColor\" xmlns=\"http:\/\/www.w3.org\/2000\/svg\" stroke-width=\"2\" stroke-linecap=\"round\" stroke-linejoin=\"round\" aria-hidden=\"true\"><path d=\"M22 11.08V12a10 10 0 1 1-5.93-9.14\"><\/path><polyline points=\"22 4 12 14.01 9 11.01\"><\/polyline><\/svg><\/div><span class=\"kt-svg-icon-list-text\">Les r\u00e9ponses au pr\u00e9sent appel seront communiqu\u00e9es au plus tard le <strong>2 juin 2023<\/strong>.<\/span><\/li><\/ul><\/div>\n<\/div><\/div><\/div><\/div>\n<\/div><\/div>\n<\/div><\/div><\/div>\n\n\n\n<h2 class=\"wp-block-heading has-text-align-center\">Formulaire de participation<\/h2>\n\n\n\n<p>Apr\u00e8s une soumission r\u00e9ussie de ce formulaire, vous devriez recevoir un message de confirmation dans un bref d\u00e9lai. Si tel ne devait pas \u00eatre le cas, vous pouvez \u00e9crire \u00e0 regine2023@liste.parisnanterre.fr pour vous assurer que votre proposition nous soit bien parvenue.<\/p>\n\n\n\n<h3 class=\"wp-block-heading has-text-align-center\">Les appels \u00e0 participation sont clos !<\/h3>\n\n\n\n<p>Le colloque est pr\u00e9vu dans l\u2019amphith\u00e9\u00e2tre du b\u00e2timent Max Weber de l\u2019Universit\u00e9 Paris Nanterre, les vendredi 17 et samedi 18 novembre 2023 (matin\u00e9e).<\/p>\n","protected":false},"excerpt":{"rendered":"<p>\u00ab\u00a0Droit et genre en France : un premier bilan ?\u00a0\u00bb Le pr\u00e9sent appel \u00e0 communications s\u2019adresse \u00e0 toutes celles et ceux qui consacrent leur activit\u00e9 de recherche \u00e0 la question, lato sensu, des rapports entre genre et droit. Il s\u2019adresse aux chercheurs et chercheuses de toutes les disciplines. Certain\u00b7es prendront le droit pour objet et&#8230;<\/p>\n","protected":false},"author":1,"featured_media":0,"parent":0,"menu_order":100,"comment_status":"closed","ping_status":"closed","template":"","meta":{"_kad_blocks_custom_css":"","_kad_blocks_head_custom_js":"","_kad_blocks_body_custom_js":"","_kad_blocks_footer_custom_js":"","_kad_post_transparent":"","_kad_post_title":"","_kad_post_layout":"","_kad_post_sidebar_id":"","_kad_post_content_style":"","_kad_post_vertical_padding":"","_kad_post_feature":"","_kad_post_feature_position":"","_kad_post_header":false,"_kad_post_footer":false,"footnotes":""},"class_list":["post-5","page","type-page","status-publish","hentry"],"taxonomy_info":[],"featured_image_src_large":false,"author_info":{"display_name":"admin","author_link":"https:\/\/regine.parisnanterre.fr\/index.php\/author\/shv\/"},"comment_info":0,"_links":{"self":[{"href":"https:\/\/regine.parisnanterre.fr\/index.php\/wp-json\/wp\/v2\/pages\/5","targetHints":{"allow":["GET"]}}],"collection":[{"href":"https:\/\/regine.parisnanterre.fr\/index.php\/wp-json\/wp\/v2\/pages"}],"about":[{"href":"https:\/\/regine.parisnanterre.fr\/index.php\/wp-json\/wp\/v2\/types\/page"}],"author":[{"embeddable":true,"href":"https:\/\/regine.parisnanterre.fr\/index.php\/wp-json\/wp\/v2\/users\/1"}],"replies":[{"embeddable":true,"href":"https:\/\/regine.parisnanterre.fr\/index.php\/wp-json\/wp\/v2\/comments?post=5"}],"version-history":[{"count":31,"href":"https:\/\/regine.parisnanterre.fr\/index.php\/wp-json\/wp\/v2\/pages\/5\/revisions"}],"predecessor-version":[{"id":193,"href":"https:\/\/regine.parisnanterre.fr\/index.php\/wp-json\/wp\/v2\/pages\/5\/revisions\/193"}],"wp:attachment":[{"href":"https:\/\/regine.parisnanterre.fr\/index.php\/wp-json\/wp\/v2\/media?parent=5"}],"curies":[{"name":"wp","href":"https:\/\/api.w.org\/{rel}","templated":true}]}}