{"id":45,"date":"2023-01-27T13:44:39","date_gmt":"2023-01-27T13:44:39","guid":{"rendered":"https:\/\/regine.parisnanterre.fr\/?page_id=45"},"modified":"2023-02-02T15:31:51","modified_gmt":"2023-02-02T15:31:51","slug":"publications-programme-regine","status":"publish","type":"page","link":"https:\/\/regine.parisnanterre.fr\/index.php\/publications-programme-regine\/","title":{"rendered":"Publications"},"content":{"rendered":"<style>#kt-layout-id_2ae376-c2 > .kt-row-column-wrap{align-content:start;}:where(#kt-layout-id_2ae376-c2 > .kt-row-column-wrap) > .wp-block-kadence-column{justify-content:start;}#kt-layout-id_2ae376-c2 > .kt-row-column-wrap{column-gap:var(--global-kb-gap-md, 2rem);row-gap:var(--global-kb-gap-md, 2rem);max-width:var( --global-content-width, 1290px );padding-left:var(--global-content-edge-padding);padding-right:var(--global-content-edge-padding);padding-top:var( --global-kb-row-default-top, 25px );padding-bottom:var( --global-kb-row-default-bottom, 25px );padding-top:0px;padding-bottom:75px;grid-template-columns:minmax(0, 1fr);}#kt-layout-id_2ae376-c2 > .kt-row-layout-overlay{opacity:0.30;}@media all and (max-width: 1024px){#kt-layout-id_2ae376-c2 > .kt-row-column-wrap{grid-template-columns:minmax(0, 1fr);}}@media all and (max-width: 767px){#kt-layout-id_2ae376-c2 > .kt-row-column-wrap{grid-template-columns:minmax(0, 1fr);}}<\/style>\n<div class=\"wp-block-kadence-rowlayout alignfull\"><div id=\"kt-layout-id_2ae376-c2\" class=\"kt-row-layout-inner kt-layout-id_2ae376-c2\"><div class=\"kt-row-column-wrap kt-has-1-columns kt-gutter-default kt-v-gutter-default kt-row-valign-top kt-row-layout-equal kt-tab-layout-inherit kt-m-colapse-left-to-right kt-mobile-layout-row kb-theme-content-width\"><style>.kadence-column_604737-64 > .kt-inside-inner-col{border-top-width:0px;border-right-width:0px;border-bottom-width:0px;border-left-width:0px;}.kadence-column_604737-64 > .kt-inside-inner-col,.kadence-column_604737-64 > .kt-inside-inner-col:before{border-top-left-radius:0px;border-top-right-radius:0px;border-bottom-right-radius:0px;border-bottom-left-radius:0px;}.kadence-column_604737-64 > .kt-inside-inner-col{column-gap:var(--global-kb-gap-sm, 1rem);}.kadence-column_604737-64 > .kt-inside-inner-col{flex-direction:column;}.kadence-column_604737-64 > .kt-inside-inner-col > .aligncenter{width:100%;}.kadence-column_604737-64 > .kt-inside-inner-col:before{opacity:0.3;}.kadence-column_604737-64{position:relative;}@media all and (max-width: 1024px){.kadence-column_604737-64 > .kt-inside-inner-col{flex-direction:column;justify-content:center;}}@media all and (max-width: 767px){.kadence-column_604737-64 > .kt-inside-inner-col{flex-direction:column;justify-content:center;}}<\/style>\n<div class=\"wp-block-kadence-column inner-column-1 kadence-column_604737-64\"><div class=\"kt-inside-inner-col\"><style>.kt-sc_dd3276-db .kt-sc-imgcol, .kt-sc_dd3276-db .kt-sc-textcol{min-height:155px;}.kt-sc_dd3276-db .kt-sc-textcol{padding-top:30px;padding-right:34px;padding-bottom:30px;padding-left:34px;margin-top:0px;margin-right:0px;margin-bottom:0px;margin-left:91px;}@media all and (max-width: 1024px){.kt-sc_dd3276-db .kt-sc-textcol{margin-left:-120px;}}@media all and (max-width: 767px){.kt-sc_dd3276-db .kt-sc-imgcol, .kt-sc_dd3276-db .kt-sc-textcol{min-height:450px;}.kt-sc_dd3276-db .kt-sc-textcol{margin-top:-40px;margin-right:20px;margin-left:20px;}}<\/style>\n<div class=\"wp-block-kadence-splitcontent aligncenter kt-sc_dd3276-db\"><div class=\"kt-split-content-wrap kt-sc-media-side-right\" style=\"grid-template-columns:auto 29%\"><div class=\"kt-sc-imgcol kt-sc-imgcol-bg-auto kt-sc-img-side-right\" data-aos=\"fade-left\" data-aos-duration=\"1000\" data-aos-easing=\"ease\"><figure class=\"kt-split-content-media-image wp-image-container-23\"><img loading=\"lazy\" decoding=\"async\" src=\"https:\/\/regine.parisnanterre.fr\/wp-content\/uploads\/2023\/01\/ce_que_genre_fait_droit.png\" alt=\"\" width=\"814\" height=\"1166\" class=\"kt-split-content-img wp-image-23\" srcset=\"https:\/\/regine.parisnanterre.fr\/wp-content\/uploads\/2023\/01\/ce_que_genre_fait_droit.png 814w, https:\/\/regine.parisnanterre.fr\/wp-content\/uploads\/2023\/01\/ce_que_genre_fait_droit-209x300.png 209w, https:\/\/regine.parisnanterre.fr\/wp-content\/uploads\/2023\/01\/ce_que_genre_fait_droit-715x1024.png 715w, https:\/\/regine.parisnanterre.fr\/wp-content\/uploads\/2023\/01\/ce_que_genre_fait_droit-768x1100.png 768w\" sizes=\"auto, (max-width: 814px) 100vw, 814px\" \/><\/figure><\/div><div class=\"kt-sc-textcol kt-sc-text-valign-center kt-sc-text-halign-center\" data-aos=\"fade-right\" data-aos-duration=\"1000\" data-aos-easing=\"ease\" style=\"background-color:#fff;min-height:155px;box-shadow:20px 15px 25px -8px rgba(0, 0, 0, 0.2)\"><div class=\"kt-sc-innter-col\"><style>.wp-block-kadence-advancedheading.kt-adv-heading_1cf0ff-02, .wp-block-kadence-advancedheading.kt-adv-heading_1cf0ff-02[data-kb-block=\"kb-adv-heading_1cf0ff-02\"]{font-style:normal;}.wp-block-kadence-advancedheading.kt-adv-heading_1cf0ff-02 mark.kt-highlight, .wp-block-kadence-advancedheading.kt-adv-heading_1cf0ff-02[data-kb-block=\"kb-adv-heading_1cf0ff-02\"] mark.kt-highlight{font-style:normal;color:#f76a0c;-webkit-box-decoration-break:clone;box-decoration-break:clone;padding-top:0px;padding-right:0px;padding-bottom:0px;padding-left:0px;}.wp-block-kadence-advancedheading.kt-adv-heading_1cf0ff-02 img.kb-inline-image, .wp-block-kadence-advancedheading.kt-adv-heading_1cf0ff-02[data-kb-block=\"kb-adv-heading_1cf0ff-02\"] img.kb-inline-image{width:150px;vertical-align:baseline;}<\/style>\n<h2 class=\"kt-adv-heading_1cf0ff-02 wp-block-kadence-advancedheading\" data-kb-block=\"kb-adv-heading_1cf0ff-02\">Le programme REGINE a permis la publication de plusieurs ouvrages collectifs.<\/h2>\n\n\n\n<p class=\"has-text-align-left\">Le premier, intitul\u00e9 <em>Ce que le genre fait au droit <\/em>(Dalloz, 2013), comprenait, outre un chapitre \u00e9pist\u00e9mologique inaugural, plusieurs parties consacr\u00e9es \u00e0 l\u2019\u00e9tude des outils et m\u00e9thodes particuli\u00e8rement mobilis\u00e9s par l\u2019analyse f\u00e9ministe du droit (les notions de discrimination indirecte ou de st\u00e9r\u00e9otype, le recours aux statistiques, etc.), ainsi que des traductions de textes th\u00e9oriques \u00e9trangers donnant \u00e0 voir l\u2019int\u00e9r\u00eat du concept de genre pour l\u2019analyse juridique de nombreux champs ou questions transversales (travail, religion, identit\u00e9, famille, d\u00e9mocratie).<\/p>\n<\/div><\/div><\/div><\/div>\n<\/div><\/div>\n<\/div><\/div><\/div>\n\n\n<style>.kadence-column_f80089-fa > .kt-inside-inner-col{padding-top:10px;padding-bottom:10px;padding-left:10px;padding-right:10px;}.kadence-column_f80089-fa > .kt-inside-inner-col{box-shadow:0px 0px 14px 0px rgba(0, 0, 0, 0.2);border-top-width:0px;border-right-width:0px;border-bottom-width:0px;border-left-width:0px;}.kadence-column_f80089-fa > .kt-inside-inner-col,.kadence-column_f80089-fa > .kt-inside-inner-col:before{border-top-left-radius:0px;border-top-right-radius:0px;border-bottom-right-radius:0px;border-bottom-left-radius:0px;}.kadence-column_f80089-fa > .kt-inside-inner-col{column-gap:var(--global-kb-gap-sm, 1rem);}.kadence-column_f80089-fa > .kt-inside-inner-col{flex-direction:column;}.kadence-column_f80089-fa > .kt-inside-inner-col > .aligncenter{width:100%;}.kadence-column_f80089-fa > .kt-inside-inner-col:before{opacity:0.3;}.kadence-column_f80089-fa{position:relative;}@media all and (max-width: 1024px){.kadence-column_f80089-fa > .kt-inside-inner-col{flex-direction:column;justify-content:center;}}@media all and (max-width: 767px){.kadence-column_f80089-fa > .kt-inside-inner-col{flex-direction:column;justify-content:center;}}<\/style>\n<div class=\"wp-block-kadence-column inner-column-1 kadence-column_f80089-fa\"><div class=\"kt-inside-inner-col\">\n<p>Il fut suivi de la publication du premier ouvrage d\u2019analyse et de commentaire en langue fran\u00e7aise de l\u2019importante <em>Convention pour l\u2019\u00e9limination de toutes les formes de discriminations \u00e0 l\u2019\u00e9gard des femmes<\/em> sign\u00e9e dans le cadre de l\u2019ONU en 1979 (Pedone, 2014), de la publication d\u2019un livre de m\u00e9thodologie juridique, <em>Genre et droit <\/em>(Dalloz 2016), destin\u00e9 \u00e0 jeter les ponts entre la recherche et l\u2019enseignement et d\u2019un ouvrage consacr\u00e9 aux violences de genre (<em>Le traitement juridique et judiciaire des violences conjugales<\/em>, \u00c9ditions Mare &amp; Martin, 2016).<\/p>\n<\/div><\/div>\n\n\n<style>#kt-layout-id_14e39e-a0 > .kt-row-column-wrap{align-content:start;}:where(#kt-layout-id_14e39e-a0 > .kt-row-column-wrap) > .wp-block-kadence-column{justify-content:start;}#kt-layout-id_14e39e-a0 > .kt-row-column-wrap{column-gap:var(--global-kb-gap-md, 2rem);row-gap:var(--global-kb-gap-md, 2rem);padding-top:var( --global-kb-row-default-top, 25px );padding-bottom:var( --global-kb-row-default-bottom, 25px );padding-top:var(--global-kb-spacing-sm, 1.5rem);padding-bottom:var(--global-kb-spacing-sm, 1.5rem);}#kt-layout-id_14e39e-a0 > .kt-row-column-wrap > div:not(.added-for-specificity){grid-column:initial;}#kt-layout-id_14e39e-a0 > .kt-row-column-wrap{grid-template-columns:repeat(3, minmax(0, 1fr));}#kt-layout-id_14e39e-a0 > .kt-row-layout-overlay{opacity:0.30;}@media all and (max-width: 1024px){#kt-layout-id_14e39e-a0 > .kt-row-column-wrap > div:not(.added-for-specificity){grid-column:initial;}}@media all and (max-width: 1024px){#kt-layout-id_14e39e-a0 > .kt-row-column-wrap{grid-template-columns:repeat(3, minmax(0, 1fr));}}@media all and (max-width: 767px){#kt-layout-id_14e39e-a0 > .kt-row-column-wrap > div:not(.added-for-specificity){grid-column:initial;}#kt-layout-id_14e39e-a0 > .kt-row-column-wrap{grid-template-columns:minmax(0, 1fr);}}<\/style>\n<div class=\"wp-block-kadence-rowlayout alignnone\"><div id=\"kt-layout-id_14e39e-a0\" class=\"kt-row-layout-inner kt-layout-id_14e39e-a0\"><div class=\"kt-row-column-wrap kt-has-3-columns kt-gutter-default kt-v-gutter-default kt-row-valign-top kt-row-layout-equal kt-tab-layout-inherit kt-m-colapse-left-to-right kt-mobile-layout-row\"><style>.kadence-column_42931b-70 > .kt-inside-inner-col{border-top-width:0px;border-right-width:0px;border-bottom-width:0px;border-left-width:0px;}.kadence-column_42931b-70 > .kt-inside-inner-col,.kadence-column_42931b-70 > .kt-inside-inner-col:before{border-top-left-radius:0px;border-top-right-radius:0px;border-bottom-right-radius:0px;border-bottom-left-radius:0px;}.kadence-column_42931b-70 > .kt-inside-inner-col{column-gap:var(--global-kb-gap-sm, 1rem);}.kadence-column_42931b-70 > .kt-inside-inner-col{flex-direction:column;}.kadence-column_42931b-70 > .kt-inside-inner-col > .aligncenter{width:100%;}.kadence-column_42931b-70 > .kt-inside-inner-col:before{opacity:0.3;}.kadence-column_42931b-70{position:relative;}@media all and (max-width: 1024px){.kadence-column_42931b-70 > .kt-inside-inner-col{flex-direction:column;justify-content:center;}}@media all and (max-width: 767px){.kadence-column_42931b-70 > .kt-inside-inner-col{flex-direction:column;justify-content:center;}}<\/style>\n<div class=\"wp-block-kadence-column inner-column-1 kadence-column_42931b-70\"><div class=\"kt-inside-inner-col\"><div class=\"wp-block-image\">\n<figure class=\"aligncenter size-medium\"><img loading=\"lazy\" decoding=\"async\" width=\"192\" height=\"300\" src=\"https:\/\/regine.parisnanterre.fr\/wp-content\/uploads\/2023\/01\/couv_convention_elimination_dicri_vs_femmes-192x300.png\" alt=\"\" class=\"wp-image-24\" srcset=\"https:\/\/regine.parisnanterre.fr\/wp-content\/uploads\/2023\/01\/couv_convention_elimination_dicri_vs_femmes-192x300.png 192w, https:\/\/regine.parisnanterre.fr\/wp-content\/uploads\/2023\/01\/couv_convention_elimination_dicri_vs_femmes.png 482w\" sizes=\"auto, (max-width: 192px) 100vw, 192px\" \/><\/figure>\n<\/div><\/div><\/div>\n\n\n<style>.kadence-column_baff85-bb > .kt-inside-inner-col{border-top-width:0px;border-right-width:0px;border-bottom-width:0px;border-left-width:0px;}.kadence-column_baff85-bb > .kt-inside-inner-col,.kadence-column_baff85-bb > .kt-inside-inner-col:before{border-top-left-radius:0px;border-top-right-radius:0px;border-bottom-right-radius:0px;border-bottom-left-radius:0px;}.kadence-column_baff85-bb > .kt-inside-inner-col{column-gap:var(--global-kb-gap-sm, 1rem);}.kadence-column_baff85-bb > .kt-inside-inner-col{flex-direction:column;}.kadence-column_baff85-bb > .kt-inside-inner-col > .aligncenter{width:100%;}.kadence-column_baff85-bb > .kt-inside-inner-col:before{opacity:0.3;}.kadence-column_baff85-bb{position:relative;}@media all and (max-width: 1024px){.kadence-column_baff85-bb > .kt-inside-inner-col{flex-direction:column;justify-content:center;}}@media all and (max-width: 767px){.kadence-column_baff85-bb > .kt-inside-inner-col{flex-direction:column;justify-content:center;}}<\/style>\n<div class=\"wp-block-kadence-column inner-column-2 kadence-column_baff85-bb\"><div class=\"kt-inside-inner-col\"><div class=\"wp-block-image\">\n<figure class=\"aligncenter size-medium\"><img loading=\"lazy\" decoding=\"async\" width=\"200\" height=\"300\" src=\"https:\/\/regine.parisnanterre.fr\/wp-content\/uploads\/2023\/01\/couv_genre_droit-200x300.jpg\" alt=\"\" class=\"wp-image-22\" srcset=\"https:\/\/regine.parisnanterre.fr\/wp-content\/uploads\/2023\/01\/couv_genre_droit-200x300.jpg 200w, https:\/\/regine.parisnanterre.fr\/wp-content\/uploads\/2023\/01\/couv_genre_droit.jpg 333w\" sizes=\"auto, (max-width: 200px) 100vw, 200px\" \/><\/figure>\n<\/div><\/div><\/div>\n\n\n<style>.kadence-column_467593-5e > .kt-inside-inner-col{border-top-width:0px;border-right-width:0px;border-bottom-width:0px;border-left-width:0px;}.kadence-column_467593-5e > .kt-inside-inner-col,.kadence-column_467593-5e > .kt-inside-inner-col:before{border-top-left-radius:0px;border-top-right-radius:0px;border-bottom-right-radius:0px;border-bottom-left-radius:0px;}.kadence-column_467593-5e > .kt-inside-inner-col{column-gap:var(--global-kb-gap-sm, 1rem);}.kadence-column_467593-5e > .kt-inside-inner-col{flex-direction:column;}.kadence-column_467593-5e > .kt-inside-inner-col > .aligncenter{width:100%;}.kadence-column_467593-5e > .kt-inside-inner-col:before{opacity:0.3;}.kadence-column_467593-5e{position:relative;}@media all and (max-width: 1024px){.kadence-column_467593-5e > .kt-inside-inner-col{flex-direction:column;justify-content:center;}}@media all and (max-width: 767px){.kadence-column_467593-5e > .kt-inside-inner-col{flex-direction:column;justify-content:center;}}<\/style>\n<div class=\"wp-block-kadence-column inner-column-3 kadence-column_467593-5e\"><div class=\"kt-inside-inner-col\"><div class=\"wp-block-image\">\n<figure class=\"aligncenter size-medium\"><img loading=\"lazy\" decoding=\"async\" width=\"210\" height=\"300\" src=\"https:\/\/regine.parisnanterre.fr\/wp-content\/uploads\/2023\/01\/couv_traitement_j2j-210x300.png\" alt=\"\" class=\"wp-image-21\" srcset=\"https:\/\/regine.parisnanterre.fr\/wp-content\/uploads\/2023\/01\/couv_traitement_j2j-210x300.png 210w, https:\/\/regine.parisnanterre.fr\/wp-content\/uploads\/2023\/01\/couv_traitement_j2j.png 478w\" sizes=\"auto, (max-width: 210px) 100vw, 210px\" \/><\/figure>\n<\/div><\/div><\/div>\n<\/div><\/div><\/div>\n\n\n<style>#kt-layout-id_e971cd-85 > .kt-row-column-wrap{align-content:start;}:where(#kt-layout-id_e971cd-85 > .kt-row-column-wrap) > .wp-block-kadence-column{justify-content:start;}#kt-layout-id_e971cd-85 > .kt-row-column-wrap{column-gap:var(--global-kb-gap-md, 2rem);row-gap:var(--global-kb-gap-md, 2rem);max-width:var( --global-content-width, 1290px );padding-left:var(--global-content-edge-padding);padding-right:var(--global-content-edge-padding);padding-top:var( --global-kb-row-default-top, 25px );padding-bottom:var( --global-kb-row-default-bottom, 25px );padding-top:75px;padding-bottom:75px;grid-template-columns:minmax(0, 1fr);}#kt-layout-id_e971cd-85 > .kt-row-layout-overlay{opacity:0.30;}@media all and (max-width: 1024px){#kt-layout-id_e971cd-85 > .kt-row-column-wrap{grid-template-columns:minmax(0, 1fr);}}@media all and (max-width: 767px){#kt-layout-id_e971cd-85 > .kt-row-column-wrap{grid-template-columns:minmax(0, 1fr);}}<\/style>\n<div class=\"wp-block-kadence-rowlayout alignfull\"><div id=\"kt-layout-id_e971cd-85\" class=\"kt-row-layout-inner kt-layout-id_e971cd-85\"><div class=\"kt-row-column-wrap kt-has-1-columns kt-gutter-default kt-v-gutter-default kt-row-valign-top kt-row-layout-equal kt-tab-layout-inherit kt-m-colapse-left-to-right kt-mobile-layout-row kb-theme-content-width\"><style>.kadence-column_eecaa2-31 > .kt-inside-inner-col{border-top-width:0px;border-right-width:0px;border-bottom-width:0px;border-left-width:0px;}.kadence-column_eecaa2-31 > .kt-inside-inner-col,.kadence-column_eecaa2-31 > .kt-inside-inner-col:before{border-top-left-radius:0px;border-top-right-radius:0px;border-bottom-right-radius:0px;border-bottom-left-radius:0px;}.kadence-column_eecaa2-31 > .kt-inside-inner-col{column-gap:var(--global-kb-gap-sm, 1rem);}.kadence-column_eecaa2-31 > .kt-inside-inner-col{flex-direction:column;}.kadence-column_eecaa2-31 > .kt-inside-inner-col > .aligncenter{width:100%;}.kadence-column_eecaa2-31 > .kt-inside-inner-col:before{opacity:0.3;}.kadence-column_eecaa2-31{position:relative;}@media all and (max-width: 1024px){.kadence-column_eecaa2-31 > .kt-inside-inner-col{flex-direction:column;justify-content:center;}}@media all and (max-width: 767px){.kadence-column_eecaa2-31 > .kt-inside-inner-col{flex-direction:column;justify-content:center;}}<\/style>\n<div class=\"wp-block-kadence-column inner-column-1 kadence-column_eecaa2-31\"><div class=\"kt-inside-inner-col\"><style>.kt-sc_1cdfca-a8 .kt-sc-imgcol, .kt-sc_1cdfca-a8 .kt-sc-textcol{min-height:155px;}.kt-sc_1cdfca-a8 .kt-sc-textcol{padding-top:30px;padding-right:34px;padding-bottom:30px;padding-left:34px;margin-top:0px;margin-right:0px;margin-bottom:0px;margin-left:-17px;}@media all and (max-width: 1024px){.kt-sc_1cdfca-a8 .kt-sc-textcol{margin-left:-120px;}}@media all and (max-width: 767px){.kt-sc_1cdfca-a8 .kt-sc-imgcol, .kt-sc_1cdfca-a8 .kt-sc-textcol{min-height:450px;}.kt-sc_1cdfca-a8 .kt-sc-textcol{margin-top:-40px;margin-right:20px;margin-left:20px;}}<\/style>\n<div class=\"wp-block-kadence-splitcontent aligncenter kt-sc_1cdfca-a8\"><div class=\"kt-split-content-wrap kt-sc-media-side-left\" style=\"grid-template-columns:32% auto\"><div class=\"kt-sc-imgcol kt-sc-imgcol-bg-auto kt-sc-img-side-left\" data-aos=\"fade-right\" data-aos-duration=\"1000\" data-aos-easing=\"ease\"><figure class=\"kt-split-content-media-image wp-image-container-26\"><img loading=\"lazy\" decoding=\"async\" src=\"https:\/\/regine.parisnanterre.fr\/wp-content\/uploads\/2023\/01\/couv_loi_genre.jpg\" alt=\"\" width=\"353\" height=\"499\" class=\"kt-split-content-img wp-image-26\" srcset=\"https:\/\/regine.parisnanterre.fr\/wp-content\/uploads\/2023\/01\/couv_loi_genre.jpg 353w, https:\/\/regine.parisnanterre.fr\/wp-content\/uploads\/2023\/01\/couv_loi_genre-212x300.jpg 212w\" sizes=\"auto, (max-width: 353px) 100vw, 353px\" \/><\/figure><\/div><div class=\"kt-sc-textcol kt-sc-text-valign-center kt-sc-text-halign-center\" data-aos=\"fade-left\" data-aos-duration=\"1000\" data-aos-easing=\"ease\" style=\"background-color:#fff;min-height:155px;box-shadow:20px 15px 25px -8px rgba(0, 0, 0, 0.2)\"><div class=\"kt-sc-innter-col\">\n<p class=\"has-text-align-left\">Mais la production scientifique la plus connue est certainement l\u2019ouvrage <em>La loi &amp; le genre<\/em> (CNRS \u00e9ditions, 2014) qui rassemble pr\u00e8s de 40 contributions passant diff\u00e9rentes branches du droit fran\u00e7ais au prisme d\u2019une analyse de genre.<\/p>\n\n\n\n<p class=\"has-text-align-left\">Premier ouvrage de cette nature en France, il est compl\u00e9t\u00e9 par la publication, depuis 2013, d\u2019une chronique annuelle \u00ab Droit &amp; Genre \u00bb au Recueil Dalloz.<\/p>\n\n\n\n<p class=\"has-text-align-left\">S\u2019ajoutent \u00e0 ces ouvrages de nombreux articles et \/ ou chapitres d\u2019ouvrages, \u00e9crits \u00e0 deux, quatre ou six mains, qui se sont attach\u00e9s \u00e0 produire des analyses genr\u00e9es de divers concepts ou dispositifs juridiques : composition des juridictions, droit de l\u2019assistance m\u00e9dicale \u00e0 la procr\u00e9ation, filiation, fonction publique, d\u00e9mocratie\u2026<\/p>\n<\/div><\/div><\/div><\/div>\n<\/div><\/div>\n<\/div><\/div><\/div>\n","protected":false},"excerpt":{"rendered":"<p>Il fut suivi de la publication du premier ouvrage d\u2019analyse et de commentaire en langue fran\u00e7aise de l\u2019importante Convention pour l\u2019\u00e9limination de toutes les formes de discriminations \u00e0 l\u2019\u00e9gard des femmes sign\u00e9e dans le cadre de l\u2019ONU en 1979 (Pedone, 2014), de la publication d\u2019un livre de m\u00e9thodologie juridique, Genre et droit (Dalloz 2016), destin\u00e9&#8230;<\/p>\n","protected":false},"author":1,"featured_media":0,"parent":0,"menu_order":0,"comment_status":"closed","ping_status":"closed","template":"","meta":{"_kad_blocks_custom_css":"","_kad_blocks_head_custom_js":"","_kad_blocks_body_custom_js":"","_kad_blocks_footer_custom_js":"","_kad_post_transparent":"","_kad_post_title":"","_kad_post_layout":"","_kad_post_sidebar_id":"","_kad_post_content_style":"","_kad_post_vertical_padding":"","_kad_post_feature":"","_kad_post_feature_position":"","_kad_post_header":false,"_kad_post_footer":false,"footnotes":""},"class_list":["post-45","page","type-page","status-publish","hentry"],"taxonomy_info":[],"featured_image_src_large":false,"author_info":{"display_name":"admin","author_link":"https:\/\/regine.parisnanterre.fr\/index.php\/author\/shv\/"},"comment_info":0,"_links":{"self":[{"href":"https:\/\/regine.parisnanterre.fr\/index.php\/wp-json\/wp\/v2\/pages\/45","targetHints":{"allow":["GET"]}}],"collection":[{"href":"https:\/\/regine.parisnanterre.fr\/index.php\/wp-json\/wp\/v2\/pages"}],"about":[{"href":"https:\/\/regine.parisnanterre.fr\/index.php\/wp-json\/wp\/v2\/types\/page"}],"author":[{"embeddable":true,"href":"https:\/\/regine.parisnanterre.fr\/index.php\/wp-json\/wp\/v2\/users\/1"}],"replies":[{"embeddable":true,"href":"https:\/\/regine.parisnanterre.fr\/index.php\/wp-json\/wp\/v2\/comments?post=45"}],"version-history":[{"count":9,"href":"https:\/\/regine.parisnanterre.fr\/index.php\/wp-json\/wp\/v2\/pages\/45\/revisions"}],"predecessor-version":[{"id":174,"href":"https:\/\/regine.parisnanterre.fr\/index.php\/wp-json\/wp\/v2\/pages\/45\/revisions\/174"}],"wp:attachment":[{"href":"https:\/\/regine.parisnanterre.fr\/index.php\/wp-json\/wp\/v2\/media?parent=45"}],"curies":[{"name":"wp","href":"https:\/\/api.w.org\/{rel}","templated":true}]}}